{"id":1152,"date":"2025-10-01T08:46:41","date_gmt":"2025-10-01T07:46:41","guid":{"rendered":"https:\/\/staging.microlabhard.com\/apartamentoscaru\/reservations\/"},"modified":"2025-10-02T13:00:13","modified_gmt":"2025-10-02T12:00:13","slug":"reservations","status":"publish","type":"page","link":"https:\/\/apartamentoselma.com\/fr\/reservations\/","title":{"rendered":"R\u00e9servations"},"content":{"rendered":"<div class=\"wpb-content-wrapper\"><p>[vc_section full_width=\u00a0\u00bbstretch_row\u00a0\u00bb css=\u00a0\u00bb.vc_custom_1759406190329{padding-top: 120px !important;padding-bottom: 170px !important;background-color: var(&#8211;porto-quaternary-color) !important;}\u00a0\u00bb conditional_render=\u00a0\u00bb%5B%7B%22value_role%22%3A%22administrator%22%7D%5D\u00a0\u00bb css_params=\u00a0\u00bb\u00a0\u00bb el_id=\u00a0\u00bbr\u00e9servations\u00a0\u00bb][vc_row][vc_column][vc_custom_heading text=\u00a0\u00bb\u00c0 partir de 60 \u20ac\/jour\u00a0\u00bb font_container=\u00a0\u00bbtag:h2|font_size:2.1em|text_align:center|color:var(&#8211;porto-primary-color)\u00a0\u00bb use_theme_fonts=\u00a0\u00bbyes\u00a0\u00bb css=\u00a0\u00bb.vc_custom_1753943656033{margin-bottom: 5px !important;}\u00a0\u00bb css_params=\u00a0\u00bb\u00a0\u00bb][vc_custom_heading text=\u00a0\u00bbAnnulation gratuite jusqu&apos;\u00e0 7 jours avant la r\u00e9servation\u00a0\u00bb font_container=\u00a0\u00bbtag:h2|font_size:1.9em|text_align:center|color:var(&#8211;porto-primary-color)\u00a0\u00bb use_theme_fonts=\u00a0\u00bbyes\u00a0\u00bb css=\u00a0\u00bb.vc_custom_1753944094488{margin-bottom: 40px !important;}\u00a0\u00bb font_weight=\u00a0\u00bb400&Prime; css_params=\u00a0\u00bb\u00a0\u00bb][vc_column_text css=\u00a0\u00bb\u00a0\u00bb css_params=\u00a0\u00bb\u00a0\u00bb]<\/p>\n<p id=\"Shortcode-\" class=\"rw_heading\"><\/p>\n<p>[\/vc_column_text][\/vc_column][\/vc_row][\/vc_section]<\/p>\n<\/div>","protected":false},"excerpt":{"rendered":"<p>[vc_section full_width=\u00a0\u00bbstretch_row\u00a0\u00bb css=\u00a0\u00bb.vc_custom_1759406190329{padding-top: 120px !important;padding-bottom: 170px !important;background-color: var(&#8211;porto-quaternary-color) !important;}\u00a0\u00bb conditional_render=\u00a0\u00bb%5B%7B%22value_role%22%3A%22administrator%22%7D%5D\u00a0\u00bb css_params=\u00a0\u00bb\u00a0\u00bb el_id=\u00a0\u00bbr\u00e9servations\u00a0\u00bb][vc_row][vc_column][vc_custom_heading text=\u00a0\u00bb\u00c0 partir de 60 \u20ac\/jour\u00a0\u00bb font_container=\u00a0\u00bbtag:h2|font_size:2.1em|text_align:center|color:var(&#8211;porto-primary-color)\u00a0\u00bb use_theme_fonts=\u00a0\u00bbyes\u00a0\u00bb css=\u00a0\u00bb.vc_custom_1753943656033{margin-bottom: 5px !important;}\u00a0\u00bb css_params=\u00a0\u00bb\u00a0\u00bb][vc_custom_heading text=\u00a0\u00bbAnnulation gratuite jusqu&apos;\u00e0 7 jours avant la r\u00e9servation\u00a0\u00bb font_container=\u00a0\u00bbtag:h2|font_size:1.9em|text_align:center|color:var(&#8211;porto-primary-color)\u00a0\u00bb use_theme_fonts=\u00a0\u00bbyes\u00a0\u00bb css=\u00a0\u00bb.vc_custom_1753944094488{margin-bottom: 40px !important;}\u00a0\u00bb font_weight=\u00a0\u00bb400&Prime; css_params=\u00a0\u00bb\u00a0\u00bb][vc_column_text css=\u00a0\u00bb\u00a0\u00bb css_params=\u00a0\u00bb\u00a0\u00bb] [\/vc_column_text][\/vc_column][\/vc_row][\/vc_section]<\/p>\n","protected":false},"author":4,"featured_media":0,"parent":0,"menu_order":0,"comment_status":"closed","ping_status":"closed","template":"","meta":{"_seopress_robots_primary_cat":"","_seopress_titles_title":"","_seopress_titles_desc":"R\u00e9servez votre s\u00e9jour aux Apartamentos Elma. Meilleur prix garanti, confirmation imm\u00e9diate et confort total. R\u00e9servez en ligne d\u00e8s maintenant!","_seopress_robots_index":"","footnotes":""},"class_list":["post-1152","page","type-page","status-publish","hentry"],"_links":{"self":[{"href":"https:\/\/apartamentoselma.com\/fr\/wp-json\/wp\/v2\/pages\/1152","targetHints":{"allow":["GET"]}}],"collection":[{"href":"https:\/\/apartamentoselma.com\/fr\/wp-json\/wp\/v2\/pages"}],"about":[{"href":"https:\/\/apartamentoselma.com\/fr\/wp-json\/wp\/v2\/types\/page"}],"author":[{"embeddable":true,"href":"https:\/\/apartamentoselma.com\/fr\/wp-json\/wp\/v2\/users\/4"}],"replies":[{"embeddable":true,"href":"https:\/\/apartamentoselma.com\/fr\/wp-json\/wp\/v2\/comments?post=1152"}],"version-history":[{"count":2,"href":"https:\/\/apartamentoselma.com\/fr\/wp-json\/wp\/v2\/pages\/1152\/revisions"}],"predecessor-version":[{"id":1154,"href":"https:\/\/apartamentoselma.com\/fr\/wp-json\/wp\/v2\/pages\/1152\/revisions\/1154"}],"wp:attachment":[{"href":"https:\/\/apartamentoselma.com\/fr\/wp-json\/wp\/v2\/media?parent=1152"}],"curies":[{"name":"wp","href":"https:\/\/api.w.org\/{rel}","templated":true}]}}