{"id":886,"date":"2025-07-30T10:00:49","date_gmt":"2025-07-30T09:00:49","guid":{"rendered":"https:\/\/apartamentoscaru.com\/activites\/"},"modified":"2025-08-18T14:01:40","modified_gmt":"2025-08-18T13:01:40","slug":"activites","status":"publish","type":"page","link":"https:\/\/apartamentoselma.com\/fr\/activites\/","title":{"rendered":"Activit\u00e9s"},"content":{"rendered":"<div class=\"wpb-content-wrapper\"><p>[vc_section full_width=\u00a0\u00bbstretch_row\u00a0\u00bb css=\u00a0\u00bb.vc_custom_1753867182551{padding-top: 80px !important;padding-bottom: 80px !important;}\u00a0\u00bb conditional_render=\u00a0\u00bb%5B%7B%22value_role%22%3A%22administrator%22%7D%5D\u00a0\u00bb css_params=\u00a0\u00bb{\u00ab\u00a0css_padding_top_md\u00ab\u00a0:\u00ab\u00a050px\u00ab\u00a0,\u00ab\u00a0css_padding_bottom_md\u00ab\u00a0:\u00ab\u00a050px\u00ab\u00a0}\u00a0\u00bb custom_css_response=\u00a0\u00bb@media(max-width:767px){.vc_custom_1753867182551{padding-top:50px!important;padding-bottom:50px!important;}}\u00a0\u00bb][vc_row gap=\u00a0\u00bb35&Prime; content_placement=\u00a0\u00bbmiddle\u00a0\u00bb conditional_render=\u00a0\u00bb%5B%7B%22value_role%22%3A%22administrator%22%7D%5D\u00a0\u00bb css_params=\u00a0\u00bb\u00a0\u00bb][vc_column width=\u00a0\u00bb2\/3&Prime;][vc_column_text css=\u00a0\u00bb\u00a0\u00bb css_params=\u00a0\u00bb\u00a0\u00bb]<strong>La plage de Castelldefels<\/strong>, le \u00ab Hotspot \u00bb de Castelldefels ! (11 kilom\u00e8tres de sable blanc, des eaux calmes et toutes sortes d&rsquo;installations (douches, bancs de sable (o\u00f9 vous pouvez prendre un repas l\u00e9ger et\/ou des boissons), hamacs, etc.) est parfaite pour tous types de<strong> sports nautiques<\/strong> : kitesurf, planche \u00e0 voile, voile, kayak, etc. Tout pr\u00e8s de nos appartements se trouve le \u00ab Club Nautique \u00bb de Castelldefels, qui propose toutes sortes de sports nautiques et des <strong>cours et activit\u00e9s<\/strong> de voile.   <\/p>\n<p>\u00c0 moins de 500 m\u00e8tres se trouve le \u00a0\u00bb <strong>Canal Olympique<\/strong> \u00a0\u00bb (d\u00e9di\u00e9 aux \u00e9preuves d&rsquo;aviron lors des Jeux Olympiques de Barcelone de 1992). Aujourd&rsquo;hui, c&rsquo;est un espace d\u00e9di\u00e9 au kayak, au ski nautique, au v\u00e9lo, au jogging, un parcours de golf 9 trous (par 3), une salle de sport, un restaurant et bien plus encore. <\/p>\n<p>Il y a un autre <strong>club d&rsquo;activit\u00e9s nautiques<\/strong> (\u00ab\u00a0Club Mar\u00edtimo\u00a0\u00bb) \u00e0 2 km, et un port de plaisance (\u00ab\u00a0Port Ginesta\u00a0\u00bb) \u00e0 5 km, qui est une zone d&rsquo;amarrage de bateaux avec une multitude de <strong>restaurants et de terrasses<\/strong> servant une cuisine vari\u00e9e et de qualit\u00e9 dans un environnement relaxant.[\/vc_column_text][\/vc_column][vc_column width=\u00a0\u00bb1\/3&Prime;][vc_single_image image=\u00a0\u00bb339&Prime; img_size=\u00a0\u00bbfull\u00a0\u00bb css=\u00a0\u00bb\u00a0\u00bb img_object=\u00a0\u00bbcover\u00a0\u00bb img_pos=\u00a0\u00bbcenter center\u00a0\u00bb img_width=\u00a0\u00bb{\u00ab\u00a0xl\u00ab\u00a0:\u00ab\u00a0100\u00ab\u00a0,\u00ab\u00a0unit\u00ab\u00a0:\u00ab\u00a0%\u00ab\u00a0,\u00ab\u00a0xs\u00ab\u00a0:\u00ab\u00a0\u00ab\u00a0,\u00ab\u00a0sm\u00ab\u00a0:\u00ab\u00a0\u00ab\u00a0,\u00ab\u00a0md\u00ab\u00a0:\u00ab\u00a0\u00ab\u00a0,\u00ab\u00a0lg\u00ab\u00a0:\u00ab\u00a0\u00ab\u00a0}\u00a0\u00bb img_height=\u00a0\u00bb{\u00ab\u00a0xl\u00ab\u00a0:\u00ab\u00a0320\u00ab\u00a0,\u00ab\u00a0unit\u00ab\u00a0:\u00ab\u00a0\u00ab\u00a0,\u00ab\u00a0xs\u00ab\u00a0:\u00ab\u00a0\u00ab\u00a0,\u00ab\u00a0sm\u00ab\u00a0:\u00ab\u00a0\u00ab\u00a0,\u00ab\u00a0md\u00ab\u00a0:\u00ab\u00a0\u00ab\u00a0,\u00ab\u00a0lg\u00ab\u00a0:\u00ab\u00a0\u00ab\u00a0}\u00a0\u00bb label=\u00a0\u00bb\u00a0\u00bb css_params=\u00a0\u00bb\u00a0\u00bb el_class=\u00a0\u00bbmlh_box_shadow_hard\u00a0\u00bb][\/vc_column][\/vc_row][\/vc_section]<\/p>\n<\/div>","protected":false},"excerpt":{"rendered":"<p>[vc_section full_width=\u00a0\u00bbstretch_row\u00a0\u00bb css=\u00a0\u00bb.vc_custom_1753867182551{padding-top: 80px !important;padding-bottom: 80px !important;}\u00a0\u00bb conditional_render=\u00a0\u00bb%5B%7B%22value_role%22%3A%22administrator%22%7D%5D\u00a0\u00bb css_params=\u00a0\u00bb{\u00ab\u00a0css_padding_top_md\u00ab\u00a0:\u00ab\u00a050px\u00ab\u00a0,\u00ab\u00a0css_padding_bottom_md\u00ab\u00a0:\u00ab\u00a050px\u00ab\u00a0}\u00a0\u00bb custom_css_response=\u00a0\u00bb@media(max-width:767px){.vc_custom_1753867182551{padding-top:50px!important;padding-bottom:50px!important;}}\u00a0\u00bb][vc_row gap=\u00a0\u00bb35&Prime; content_placement=\u00a0\u00bbmiddle\u00a0\u00bb conditional_render=\u00a0\u00bb%5B%7B%22value_role%22%3A%22administrator%22%7D%5D\u00a0\u00bb css_params=\u00a0\u00bb\u00a0\u00bb][vc_column width=\u00a0\u00bb2\/3&Prime;][vc_column_text css=\u00a0\u00bb\u00a0\u00bb css_params=\u00a0\u00bb\u00a0\u00bb]La plage de Castelldefels, le \u00ab Hotspot \u00bb de Castelldefels ! (11 kilom\u00e8tres de sable blanc, des eaux calmes et toutes sortes d&rsquo;installations (douches, bancs de sable (o\u00f9 vous pouvez prendre un repas l\u00e9ger et\/ou des boissons), hamacs, etc.) [&hellip;]<\/p>\n","protected":false},"author":5,"featured_media":0,"parent":0,"menu_order":0,"comment_status":"closed","ping_status":"closed","template":"","meta":{"_seopress_robots_primary_cat":"","_seopress_titles_title":"%%sitetitle%% %%sep%% %%post_title%%","_seopress_titles_desc":"Activit\u00e9s pr\u00e8s des Appartements Elma \u00e0 Castelldefels : plage, sports, loisirs et sorties pour profiter en famille ou entre amis.","_seopress_robots_index":"","footnotes":""},"class_list":["post-886","page","type-page","status-publish","hentry"],"_links":{"self":[{"href":"https:\/\/apartamentoselma.com\/fr\/wp-json\/wp\/v2\/pages\/886","targetHints":{"allow":["GET"]}}],"collection":[{"href":"https:\/\/apartamentoselma.com\/fr\/wp-json\/wp\/v2\/pages"}],"about":[{"href":"https:\/\/apartamentoselma.com\/fr\/wp-json\/wp\/v2\/types\/page"}],"author":[{"embeddable":true,"href":"https:\/\/apartamentoselma.com\/fr\/wp-json\/wp\/v2\/users\/5"}],"replies":[{"embeddable":true,"href":"https:\/\/apartamentoselma.com\/fr\/wp-json\/wp\/v2\/comments?post=886"}],"version-history":[{"count":2,"href":"https:\/\/apartamentoselma.com\/fr\/wp-json\/wp\/v2\/pages\/886\/revisions"}],"predecessor-version":[{"id":888,"href":"https:\/\/apartamentoselma.com\/fr\/wp-json\/wp\/v2\/pages\/886\/revisions\/888"}],"wp:attachment":[{"href":"https:\/\/apartamentoselma.com\/fr\/wp-json\/wp\/v2\/media?parent=886"}],"curies":[{"name":"wp","href":"https:\/\/api.w.org\/{rel}","templated":true}]}}